{"id":154,"date":"2024-04-11T10:54:43","date_gmt":"2024-04-11T08:54:43","guid":{"rendered":"https:\/\/florence-properties.fr\/?page_id=154"},"modified":"2024-12-19T14:37:05","modified_gmt":"2024-12-19T13:37:05","slug":"recherche-de-biens","status":"publish","type":"page","link":"https:\/\/florence-properties.fr\/en\/recherche-de-biens\/","title":{"rendered":"Property hunter"},"content":{"rendered":"<p>[et_pb_section fb_built=\u00a0\u00bb1&Prime; admin_label=\u00a0\u00bbHeader\u00a0\u00bb _builder_version=\u00a0\u00bb4.23.1&Prime; _module_preset=\u00a0\u00bbdefault\u00a0\u00bb use_background_color_gradient=\u00a0\u00bbon\u00a0\u00bb background_color_gradient_stops=\u00a0\u00bbrgba(31,35,44,0.13) 0%|#ffffff 100%\u00a0\u00bb background_color_gradient_overlays_image=\u00a0\u00bbon\u00a0\u00bb background_image=\u00a0\u00bbhttps:\/\/florence-properties.fr\/wp-content\/uploads\/2024\/04\/014-scaled.jpg\u00a0\u00bb custom_padding=\u00a0\u00bb100px||100px||true|\u00a0\u00bb locked=\u00a0\u00bboff\u00a0\u00bb collapsed=\u00a0\u00bbon\u00a0\u00bb global_colors_info=\u00a0\u00bb{}\u00a0\u00bb][\/et_pb_section][et_pb_section fb_built=\u00a0\u00bb1&Prime; admin_label=\u00a0\u00bbAbout\u00a0\u00bb _builder_version=\u00a0\u00bb4.23.1&Prime; _module_preset=\u00a0\u00bbdefault\u00a0\u00bb background_color=\u00a0\u00bb#FFFFFF\u00a0\u00bb custom_padding=\u00a0\u00bb||86px|||\u00a0\u00bb bottom_divider_style=\u00a0\u00bbarrow3&Prime; bottom_divider_color=\u00a0\u00bbgcid-635604eb-3422-482c-8edf-b0569258ee1f\u00a0\u00bb locked=\u00a0\u00bboff\u00a0\u00bb collapsed=\u00a0\u00bbon\u00a0\u00bb global_colors_info=\u00a0\u00bb{%22gcid-635604eb-3422-482c-8edf-b0569258ee1f%22:%91%22bottom_divider_color%22%93}\u00a0\u00bb][et_pb_row _builder_version=\u00a0\u00bb4.23.1&Prime; _module_preset=\u00a0\u00bbdefault\u00a0\u00bb global_colors_info=\u00a0\u00bb{}\u00a0\u00bb][et_pb_column type=\u00a0\u00bb4_4&Prime; _builder_version=\u00a0\u00bb4.23.1&Prime; _module_preset=\u00a0\u00bbdefault\u00a0\u00bb global_colors_info=\u00a0\u00bb{}\u00a0\u00bb][et_pb_text _builder_version=\u00a0\u00bb4.23.1&Prime; _module_preset=\u00a0\u00bb1d1b1f13-2564-4fed-b99d-ccc0c9893571&Prime; header_font=\u00a0\u00bbPlayfair Display|500||on|||||\u00a0\u00bb header_text_color=\u00a0\u00bbgcid-9fa4a1b6-767d-41ca-984c-a6f10449c843&Prime; header_font_size=\u00a0\u00bb30px\u00a0\u00bb header_letter_spacing=\u00a0\u00bb1px\u00a0\u00bb text_orientation=\u00a0\u00bbcenter\u00a0\u00bb hover_enabled=\u00a0\u00bb0&Prime; global_colors_info=\u00a0\u00bb{%22gcid-9fa4a1b6-767d-41ca-984c-a6f10449c843%22:%91%22header_text_color%22%93}\u00a0\u00bb sticky_enabled=\u00a0\u00bb0&Prime;]<\/p>\n<h1>Florence properties, cHASSEUR de biens sur la C\u00f4te d&rsquo;Azur<\/h1>\n<p>[\/et_pb_text][\/et_pb_column][\/et_pb_row][et_pb_row _builder_version=\u00a0\u00bb4.23.1&Prime; _module_preset=\u00a0\u00bbdefault\u00a0\u00bb hover_enabled=\u00a0\u00bb0&Prime; global_colors_info=\u00a0\u00bb{}\u00a0\u00bb width=\u00a0\u00bb69%\u00a0\u00bb sticky_enabled=\u00a0\u00bb0&Prime;][et_pb_column type=\u00a0\u00bb4_4&Prime; _builder_version=\u00a0\u00bb4.23.1&Prime; _module_preset=\u00a0\u00bbdefault\u00a0\u00bb global_colors_info=\u00a0\u00bb{}\u00a0\u00bb][et_pb_text _builder_version=\u00a0\u00bb4.23.1&Prime; _module_preset=\u00a0\u00bb4bc3fdd3-b26e-4241-9f6a-8e1e1ae9d6c0&Prime; text_text_color=\u00a0\u00bbgcid-9fa4a1b6-767d-41ca-984c-a6f10449c843&Prime; hover_enabled=\u00a0\u00bb0&Prime; locked=\u00a0\u00bboff\u00a0\u00bb global_colors_info=\u00a0\u00bb{%22gcid-9fa4a1b6-767d-41ca-984c-a6f10449c843%22:%91%22text_text_color%22%93}\u00a0\u00bb text_font_size=\u00a0\u00bb15px\u00a0\u00bb sticky_enabled=\u00a0\u00bb0&Prime;]<\/p>\n<div>\n<div>\n<p style=\"text-align: justify;\">Dans l&rsquo;univers exclusif du d\u00e9partement de chasseur de biens de Florence Properties, <strong>les portes s&rsquo;ouvrent sur un panorama privil\u00e9gi\u00e9 de r\u00e9sidences d&rsquo;exception<\/strong>.<\/p>\n<p style=\"text-align: justify;\">Notre partenariat de renom avec les plus grandes enseignes immobili\u00e8res conf\u00e8re \u00e0 nos clients un acc\u00e8s sans pareil \u00e0 la quintessence du march\u00e9 azur\u00e9en.<\/p>\n<p style=\"text-align: justify;\">N\u00e9anmoins, notre engagement transcende les conventions. Au-del\u00e0 des fronti\u00e8res habituelles, <strong>nous d\u00e9voilons des tr\u00e9sors cach\u00e9s, mais \u00e9galement des demeures off-market.<\/strong> Gr\u00e2ce \u00e0 nos liens privil\u00e9gi\u00e9s et notre savoir-faire exclusif, nous vous ouvrons les portes de l&rsquo;inaccessible.<\/p>\n<p style=\"text-align: justify;\">Notre approche sur mesure se dessine \u00e0 travers une \u00e9coute attentive de vos exigences les plus raffin\u00e9es. Chaque client est une \u00e9toile \u00e0 guider vers son firmament immobilier, avec \u00e9l\u00e9gance et distinction.<\/p>\n<p style=\"text-align: justify;\">Votre satisfaction est notre ultime ambition.<\/p>\n<p style=\"text-align: justify;\">Avec un d\u00e9vouement absolu et une expertise in\u00e9gal\u00e9e, nous vous accompagnons avec excellence, depuis la recherche jusqu&rsquo;\u00e0 l&rsquo;acquisition de votre r\u00e9sidence id\u00e9ale.<\/p>\n<p style=\"text-align: justify;\">Oubliez les tracas des recherches fastidieuses et les m\u00e9andres administratifs. Avec nous, votre voyage vers l&rsquo;excellence immobili\u00e8re est un p\u00e9riple sans \u00e9gal.<\/p>\n<p style=\"text-align: justify;\"><span style=\"color: #888888;\"><\/span><\/p>\n<\/div>\n<\/div>\n<p style=\"text-align: justify;\">[\/et_pb_text][\/et_pb_column][\/et_pb_row][\/et_pb_section][et_pb_section fb_built=\u00a0\u00bb1&Prime; admin_label=\u00a0\u00bbFooter\u00a0\u00bb _builder_version=\u00a0\u00bb4.23.1&Prime; _module_preset=\u00a0\u00bbdefault\u00a0\u00bb background_color=\u00a0\u00bbgcid-635604eb-3422-482c-8edf-b0569258ee1f\u00a0\u00bb background_enable_image=\u00a0\u00bboff\u00a0\u00bb custom_padding=\u00a0\u00bb||13px|||\u00a0\u00bb saved_tabs=\u00a0\u00bball\u00a0\u00bb collapsed=\u00a0\u00bbon\u00a0\u00bb global_colors_info=\u00a0\u00bb{%22gcid-635604eb-3422-482c-8edf-b0569258ee1f%22:%91%22background_color%22%93}\u00a0\u00bb][et_pb_row column_structure=\u00a0\u00bb1_3,1_3,1_3&Prime; _builder_version=\u00a0\u00bb4.23.1&Prime; _module_preset=\u00a0\u00bbdefault\u00a0\u00bb custom_margin=\u00a0\u00bb8px||||false|false\u00a0\u00bb custom_margin_tablet=\u00a0\u00bb8px||||false|false\u00a0\u00bb custom_margin_phone=\u00a0\u00bb-83px||||false|false\u00a0\u00bb custom_margin_last_edited=\u00a0\u00bbon|phone\u00a0\u00bb global_colors_info=\u00a0\u00bb{}\u00a0\u00bb][et_pb_column type=\u00a0\u00bb1_3&Prime; _builder_version=\u00a0\u00bb4.20.0&Prime; _module_preset=\u00a0\u00bbdefault\u00a0\u00bb global_colors_info=\u00a0\u00bb{}\u00a0\u00bb][\/et_pb_column][et_pb_column type=\u00a0\u00bb1_3&Prime; _builder_version=\u00a0\u00bb4.20.0&Prime; _module_preset=\u00a0\u00bbdefault\u00a0\u00bb global_colors_info=\u00a0\u00bb{}\u00a0\u00bb][et_pb_image src=\u00a0\u00bbhttp:\/\/florence-properties.fr\/wp-content\/uploads\/2024\/04\/florence-risler-properties-luxury-real-estate-french-riviera.png\u00a0\u00bb url=\u00a0\u00bbhttps:\/\/florence-properties.fr\/\u00a0\u00bb align=\u00a0\u00bbcenter\u00a0\u00bb _builder_version=\u00a0\u00bb4.23.1&Prime; _module_preset=\u00a0\u00bbdefault\u00a0\u00bb width=\u00a0\u00bb75%\u00a0\u00bb width_tablet=\u00a0\u00bb75%\u00a0\u00bb width_phone=\u00a0\u00bb40%\u00a0\u00bb width_last_edited=\u00a0\u00bbon|phone\u00a0\u00bb custom_margin=\u00a0\u00bb-64px||||false|false\u00a0\u00bb custom_margin_tablet=\u00a0\u00bb-64px||||false|false\u00a0\u00bb custom_margin_phone=\u00a0\u00bb0px||||false|false\u00a0\u00bb custom_margin_last_edited=\u00a0\u00bbon|phone\u00a0\u00bb custom_padding=\u00a0\u00bb0px||||false|false\u00a0\u00bb global_colors_info=\u00a0\u00bb{}\u00a0\u00bb][\/et_pb_image][et_pb_text _builder_version=\u00a0\u00bb4.23.1&Prime; _module_preset=\u00a0\u00bbae358a3d-aa08-48a8-8354-b528df5d18b4&Prime; text_text_color=\u00a0\u00bb#FFFFFF\u00a0\u00bb link_text_color=\u00a0\u00bb#FFFFFF\u00a0\u00bb text_orientation=\u00a0\u00bbcenter\u00a0\u00bb custom_margin=\u00a0\u00bb||10px||false|false\u00a0\u00bb link_option_url=\u00a0\u00bbtel:+33613732264&Prime; locked=\u00a0\u00bboff\u00a0\u00bb global_colors_info=\u00a0\u00bb{}\u00a0\u00bb]<\/p>\n<p><a href=\"tel:+33613732264\"><span>+33 6 13 73 22 64<\/span><\/a><\/p>\n<p>[\/et_pb_text][et_pb_text _builder_version=\u00a0\u00bb4.23.1&Prime; _module_preset=\u00a0\u00bbae358a3d-aa08-48a8-8354-b528df5d18b4&Prime; text_text_color=\u00a0\u00bb#FFFFFF\u00a0\u00bb link_text_color=\u00a0\u00bb#FFFFFF\u00a0\u00bb text_orientation=\u00a0\u00bbcenter\u00a0\u00bb custom_margin=\u00a0\u00bb||10px||false|false\u00a0\u00bb locked=\u00a0\u00bboff\u00a0\u00bb global_colors_info=\u00a0\u00bb{}\u00a0\u00bb]<\/p>\n<p><a href=\"mailto:info@florence-properties.fr\">info@florence-properties.fr<\/a><\/p>\n<p>[\/et_pb_text][et_pb_text _builder_version=\u00a0\u00bb4.23.1&Prime; _module_preset=\u00a0\u00bbae358a3d-aa08-48a8-8354-b528df5d18b4&Prime; text_text_color=\u00a0\u00bb#FFFFFF\u00a0\u00bb link_text_color=\u00a0\u00bb#FFFFFF\u00a0\u00bb text_orientation=\u00a0\u00bbcenter\u00a0\u00bb custom_margin=\u00a0\u00bb||10px||false|false\u00a0\u00bb locked=\u00a0\u00bboff\u00a0\u00bb global_colors_info=\u00a0\u00bb{}\u00a0\u00bb]<\/p>\n<p>Mougins &#8211; C\u00f4te &lsquo;dAzur<\/p>\n<p>[\/et_pb_text][\/et_pb_column][et_pb_column type=\u00a0\u00bb1_3&Prime; _builder_version=\u00a0\u00bb4.20.0&Prime; _module_preset=\u00a0\u00bbdefault\u00a0\u00bb global_colors_info=\u00a0\u00bb{}\u00a0\u00bb][\/et_pb_column][\/et_pb_row][et_pb_row _builder_version=\u00a0\u00bb4.20.0&Prime; _module_preset=\u00a0\u00bbdefault\u00a0\u00bb custom_padding=\u00a0\u00bb0px||0px||true|\u00a0\u00bb global_colors_info=\u00a0\u00bb{}\u00a0\u00bb][et_pb_column type=\u00a0\u00bb4_4&Prime; _builder_version=\u00a0\u00bb4.20.0&Prime; _module_preset=\u00a0\u00bbdefault\u00a0\u00bb global_colors_info=\u00a0\u00bb{}\u00a0\u00bb][et_pb_divider color=\u00a0\u00bb#FFFFFF\u00a0\u00bb _builder_version=\u00a0\u00bb4.20.0&Prime; _module_preset=\u00a0\u00bbdefault\u00a0\u00bb custom_margin=\u00a0\u00bb||0px||false|false\u00a0\u00bb global_colors_info=\u00a0\u00bb{}\u00a0\u00bb][\/et_pb_divider][\/et_pb_column][\/et_pb_row][et_pb_row _builder_version=\u00a0\u00bb4.23.1&Prime; _module_preset=\u00a0\u00bbdefault\u00a0\u00bb custom_margin=\u00a0\u00bb||-27px||false|false\u00a0\u00bb global_colors_info=\u00a0\u00bb{}\u00a0\u00bb][et_pb_column type=\u00a0\u00bb4_4&Prime; _builder_version=\u00a0\u00bb4.23.1&Prime; _module_preset=\u00a0\u00bbdefault\u00a0\u00bb global_colors_info=\u00a0\u00bb{}\u00a0\u00bb][et_pb_text _builder_version=\u00a0\u00bb4.23.1&Prime; _module_preset=\u00a0\u00bbdefault\u00a0\u00bb text_text_color=\u00a0\u00bb#FFFFFF\u00a0\u00bb text_font_size=\u00a0\u00bb12px\u00a0\u00bb link_text_color=\u00a0\u00bb#000000&Prime; custom_margin=\u00a0\u00bb-30px||-66px||false|false\u00a0\u00bb global_colors_info=\u00a0\u00bb{}\u00a0\u00bb text_text_color__hover_enabled=\u00a0\u00bbon|desktop\u00a0\u00bb text_text_color__hover=\u00a0\u00bb#FFFFFF\u00a0\u00bb]<\/p>\n<p style=\"text-align: center;\">\u00a92024 Florence Properties &#8211; <a href=\"https:\/\/florence-properties.fr\/mentions-legales\/\">Mentions l\u00e9gales<\/a> | Conception par <a href=\"http:\/\/www.casanova-digital.fr\">Casanova Digital<\/a><\/p>\n<p>[\/et_pb_text][\/et_pb_column][\/et_pb_row][\/et_pb_section]<\/p>\n","protected":false},"excerpt":{"rendered":"<p>Florence properties, cHASSEUR de biens sur la C\u00f4te d&rsquo;Azur Dans l&rsquo;univers exclusif du d\u00e9partement de chasseur de biens de Florence Properties, les portes s&rsquo;ouvrent sur un panorama privil\u00e9gi\u00e9 de r\u00e9sidences d&rsquo;exception. Notre partenariat de renom avec les plus grandes enseignes immobili\u00e8res conf\u00e8re \u00e0 nos clients un acc\u00e8s sans pareil \u00e0 la quintessence du march\u00e9 azur\u00e9en. [&hellip;]<\/p>\n","protected":false},"author":1,"featured_media":0,"parent":0,"menu_order":0,"comment_status":"closed","ping_status":"closed","template":"","meta":{"_et_pb_use_builder":"on","_et_pb_old_content":"","_et_gb_content_width":"","footnotes":""},"class_list":["post-154","page","type-page","status-publish","hentry"],"yoast_head":"<!-- This site is optimized with the Yoast SEO plugin v26.8 - https:\/\/yoast.com\/product\/yoast-seo-wordpress\/ -->\n<title>Chasseur de biens - Florence Properties<\/title>\n<meta name=\"description\" content=\"Avec Florence Properties, votre chasseur de bien sur la C\u00f4te d&#039;Azur, nous vous offrons un acc\u00e8s privil\u00e9gi\u00e9 \u00e0 une s\u00e9lection de r\u00e9sidences haut de gamme.\" \/>\n<meta name=\"robots\" content=\"index, follow, max-snippet:-1, max-image-preview:large, max-video-preview:-1\" \/>\n<link rel=\"canonical\" href=\"https:\/\/florence-properties.fr\/en\/recherche-de-biens\/\" \/>\n<meta property=\"og:locale\" content=\"en_GB\" \/>\n<meta property=\"og:type\" content=\"article\" \/>\n<meta property=\"og:title\" content=\"Chasseur de biens - Florence Properties\" \/>\n<meta property=\"og:description\" content=\"Avec Florence Properties, votre chasseur de bien sur la C\u00f4te d&#039;Azur, nous vous offrons un acc\u00e8s privil\u00e9gi\u00e9 \u00e0 une s\u00e9lection de r\u00e9sidences haut de gamme.\" \/>\n<meta property=\"og:url\" content=\"https:\/\/florence-properties.fr\/en\/recherche-de-biens\/\" \/>\n<meta property=\"og:site_name\" content=\"florence-properties.fr\" \/>\n<meta property=\"article:modified_time\" content=\"2024-12-19T13:37:05+00:00\" \/>\n<meta name=\"twitter:card\" content=\"summary_large_image\" \/>\n<meta name=\"twitter:label1\" content=\"Estimated reading time\" \/>\n\t<meta name=\"twitter:data1\" content=\"2 minutes\" \/>\n<script type=\"application\/ld+json\" class=\"yoast-schema-graph\">{\"@context\":\"https:\/\/schema.org\",\"@graph\":[{\"@type\":\"WebPage\",\"@id\":\"https:\/\/florence-properties.fr\/recherche-de-biens\/\",\"url\":\"https:\/\/florence-properties.fr\/recherche-de-biens\/\",\"name\":\"Chasseur de biens - Florence Properties\",\"isPartOf\":{\"@id\":\"https:\/\/florence-properties.fr\/#website\"},\"datePublished\":\"2024-04-11T08:54:43+00:00\",\"dateModified\":\"2024-12-19T13:37:05+00:00\",\"description\":\"Avec Florence Properties, votre chasseur de bien sur la C\u00f4te d'Azur, nous vous offrons un acc\u00e8s privil\u00e9gi\u00e9 \u00e0 une s\u00e9lection de r\u00e9sidences haut de gamme.\",\"breadcrumb\":{\"@id\":\"https:\/\/florence-properties.fr\/recherche-de-biens\/#breadcrumb\"},\"inLanguage\":\"en-GB\",\"potentialAction\":[{\"@type\":\"ReadAction\",\"target\":[\"https:\/\/florence-properties.fr\/recherche-de-biens\/\"]}]},{\"@type\":\"BreadcrumbList\",\"@id\":\"https:\/\/florence-properties.fr\/recherche-de-biens\/#breadcrumb\",\"itemListElement\":[{\"@type\":\"ListItem\",\"position\":1,\"name\":\"Accueil\",\"item\":\"https:\/\/florence-properties.fr\/\"},{\"@type\":\"ListItem\",\"position\":2,\"name\":\"Chasseur de biens\"}]},{\"@type\":\"WebSite\",\"@id\":\"https:\/\/florence-properties.fr\/#website\",\"url\":\"https:\/\/florence-properties.fr\/\",\"name\":\"florence-properties.fr\",\"description\":\"L&#039;immobilier de luxe sur la C\u00f4te d&#039;Azur\",\"potentialAction\":[{\"@type\":\"SearchAction\",\"target\":{\"@type\":\"EntryPoint\",\"urlTemplate\":\"https:\/\/florence-properties.fr\/?s={search_term_string}\"},\"query-input\":{\"@type\":\"PropertyValueSpecification\",\"valueRequired\":true,\"valueName\":\"search_term_string\"}}],\"inLanguage\":\"en-GB\"}]}<\/script>\n<!-- \/ Yoast SEO plugin. -->","yoast_head_json":{"title":"Chasseur de biens - Florence Properties","description":"Avec Florence Properties, votre chasseur de bien sur la C\u00f4te d'Azur, nous vous offrons un acc\u00e8s privil\u00e9gi\u00e9 \u00e0 une s\u00e9lection de r\u00e9sidences haut de gamme.","robots":{"index":"index","follow":"follow","max-snippet":"max-snippet:-1","max-image-preview":"max-image-preview:large","max-video-preview":"max-video-preview:-1"},"canonical":"https:\/\/florence-properties.fr\/en\/recherche-de-biens\/","og_locale":"en_GB","og_type":"article","og_title":"Chasseur de biens - Florence Properties","og_description":"Avec Florence Properties, votre chasseur de bien sur la C\u00f4te d'Azur, nous vous offrons un acc\u00e8s privil\u00e9gi\u00e9 \u00e0 une s\u00e9lection de r\u00e9sidences haut de gamme.","og_url":"https:\/\/florence-properties.fr\/en\/recherche-de-biens\/","og_site_name":"florence-properties.fr","article_modified_time":"2024-12-19T13:37:05+00:00","twitter_card":"summary_large_image","twitter_misc":{"Estimated reading time":"2 minutes"},"schema":{"@context":"https:\/\/schema.org","@graph":[{"@type":"WebPage","@id":"https:\/\/florence-properties.fr\/recherche-de-biens\/","url":"https:\/\/florence-properties.fr\/recherche-de-biens\/","name":"Chasseur de biens - Florence Properties","isPartOf":{"@id":"https:\/\/florence-properties.fr\/#website"},"datePublished":"2024-04-11T08:54:43+00:00","dateModified":"2024-12-19T13:37:05+00:00","description":"Avec Florence Properties, votre chasseur de bien sur la C\u00f4te d'Azur, nous vous offrons un acc\u00e8s privil\u00e9gi\u00e9 \u00e0 une s\u00e9lection de r\u00e9sidences haut de gamme.","breadcrumb":{"@id":"https:\/\/florence-properties.fr\/recherche-de-biens\/#breadcrumb"},"inLanguage":"en-GB","potentialAction":[{"@type":"ReadAction","target":["https:\/\/florence-properties.fr\/recherche-de-biens\/"]}]},{"@type":"BreadcrumbList","@id":"https:\/\/florence-properties.fr\/recherche-de-biens\/#breadcrumb","itemListElement":[{"@type":"ListItem","position":1,"name":"Accueil","item":"https:\/\/florence-properties.fr\/"},{"@type":"ListItem","position":2,"name":"Chasseur de biens"}]},{"@type":"WebSite","@id":"https:\/\/florence-properties.fr\/#website","url":"https:\/\/florence-properties.fr\/","name":"florence-properties.fr","description":"L&#039;immobilier de luxe sur la C\u00f4te d&#039;Azur","potentialAction":[{"@type":"SearchAction","target":{"@type":"EntryPoint","urlTemplate":"https:\/\/florence-properties.fr\/?s={search_term_string}"},"query-input":{"@type":"PropertyValueSpecification","valueRequired":true,"valueName":"search_term_string"}}],"inLanguage":"en-GB"}]}},"_links":{"self":[{"href":"https:\/\/florence-properties.fr\/en\/wp-json\/wp\/v2\/pages\/154","targetHints":{"allow":["GET"]}}],"collection":[{"href":"https:\/\/florence-properties.fr\/en\/wp-json\/wp\/v2\/pages"}],"about":[{"href":"https:\/\/florence-properties.fr\/en\/wp-json\/wp\/v2\/types\/page"}],"author":[{"embeddable":true,"href":"https:\/\/florence-properties.fr\/en\/wp-json\/wp\/v2\/users\/1"}],"replies":[{"embeddable":true,"href":"https:\/\/florence-properties.fr\/en\/wp-json\/wp\/v2\/comments?post=154"}],"version-history":[{"count":19,"href":"https:\/\/florence-properties.fr\/en\/wp-json\/wp\/v2\/pages\/154\/revisions"}],"predecessor-version":[{"id":430,"href":"https:\/\/florence-properties.fr\/en\/wp-json\/wp\/v2\/pages\/154\/revisions\/430"}],"wp:attachment":[{"href":"https:\/\/florence-properties.fr\/en\/wp-json\/wp\/v2\/media?parent=154"}],"curies":[{"name":"wp","href":"https:\/\/api.w.org\/{rel}","templated":true}]}}