{"id":453,"date":"2025-01-21T11:34:59","date_gmt":"2025-01-21T10:34:59","guid":{"rendered":"https:\/\/florence-properties.fr\/?page_id=453"},"modified":"2025-01-24T19:21:25","modified_gmt":"2025-01-24T18:21:25","slug":"biens-en-vente","status":"publish","type":"page","link":"https:\/\/florence-properties.fr\/en\/biens-en-vente\/","title":{"rendered":"real estate for sale"},"content":{"rendered":"<div id=\"sp-page\" class=\"spBgcover sp-content-1\" style=\"background-color: rgb(255, 255, 255); font-family: 'Helvetica Neue', Arial, sans-serif; font-weight: 400;\">\n<section id=\"sp-ks8a8s\" data-mobile-visibility=\"#sp-ks8a8s|false\" data-tablet-visibility=\"#sp-ks8a8s|false\" data-desktop-visibility=\"#sp-ks8a8s|false\" data-mobile-css=\"\" data-tablet-css=\"#sp-ks8a8s|padding:100px 0px 100px 0px ;\" class=\"sp-el-section \" style=\"background-image: linear-gradient(0deg, rgba(39, 39, 39, 0.35), rgba(39, 39, 39, 0.35)), url('https:\/\/florence-properties.fr\/wp-content\/uploads\/2024\/04\/villa-cote-dazur-florence-properties-luxury-real-estate-06-biens-en-vente.jpg'); background-color: rgb(0, 0, 0); width: 100%; max-width: 100%; padding: 280px 0px 200px;\">\n<div id=\"sp-vw3kvy\" data-mobile-visibility=\"#sp-vw3kvy|false\" data-tablet-visibility=\"#sp-vw3kvy|false\" data-desktop-visibility=\"#sp-vw3kvy|false\" data-mobile-css=\"\" data-tablet-css=\"#sp-vw3kvy|margin:0px 0px 0px 0px ;padding:0px 0px 0px 0px ;\" class=\"sp-el-row sp-w-full  sp-m-auto sp-flex sp-flex-row sp-justify-start\" style=\"padding: 0px; width: 100%; max-width: 100%;\">\n<div id=\"sp-xb94q9\" data-mobile-visibility=\"#sp-xb94q9|false\" data-tablet-visibility=\"#sp-xb94q9|false\" data-desktop-visibility=\"#sp-xb94q9|false\" data-mobile-css=\"\" data-tablet-css=\"\" class=\"sp-el-col  sp-w-full\" style=\"width: calc(100% + 0px);\">\n<div id=\"sp-v8mzon\" data-mobile-visibility=\".sp-custom-html-block-v8mzon|false\" data-tablet-visibility=\".sp-custom-html-block-v8mzon|false\" data-desktop-visibility=\".sp-custom-html-block-v8mzon|false\" data-mobile-css=\"#sp-v8mzon|padding:200px 0px 30px 0px ;\" data-tablet-css=\"#sp-v8mzon|padding:0px 150px 0px 150px ;\" class=\"sp-code-wrapper sp-el-block sp-custom-html-block-v8mzon\" style=\"padding: 0px 500px; margin: 0px;\">\n<div class=\"sp-html\">\n<p>    <meta charset=\"UTF-8\"><br \/>\n    <meta name=\"viewport\" content=\"width=device-width, initial-scale=1.0\"><br \/>\n    <title>Page prot\u00e9g\u00e9e<\/title><\/p>\n<style>\n        body {\n            font-family: Arial, sans-serif;\n            background-color: #f9f9f9;\n            color: #333;\n            display: flex;\n            justify-content: center;\n            align-items: center;\n            height: 100vh;\n            margin: 0;\n            padding: 10px;\n        }\n        .container {\n            text-align: center;\n            background: #fff;\n            padding: 20px;\n            box-shadow: 0 2px 10px rgba(0, 0, 0, 0.1);\n            border-radius: 8px;\n            max-width: 400px;\n            width: 100%;\n        }\n        input[type=\"password\"] {\n            padding: 10px;\n            width: 100%;\n            box-sizing: border-box;\n            border: 1px solid #ccc;\n            border-radius: 4px;\n            margin-bottom: 15px;\n        }\n        button {\n            padding: 10px 20px;\n            background-color: #000;\n            color: #fff;\n            border: none;\n            border-radius: 4px;\n            cursor: pointer;\n            font-family: Arial, sans-serif;\n            width: 100%;\n            box-sizing: border-box;\n        }\n        button:hover {\n            background-color: #333;\n        }\n        #error-message {\n            color: red;\n            display: none;\n            margin-top: 10px;\n        }\n        @media (max-width: 600px) {\n            body {\n                padding: 20px;\n            }\n            .container {\n                padding: 15px;\n            }\n        }\n    <\/style>\n<p>    <script>\n        function checkPassword() {\n            const password = document.getElementById(\"password\").value;\n            const correctPassword = \"florence2025exclu\";\n            const errorMessage = document.getElementById(\"error-message\");<\/p>\n<p>            if (password === correctPassword) {\n                \/\/ Redirige vers l'URL sp\u00e9cifi\u00e9e\n                window.location.href = \"https:\/\/florence-properties.fr\/biens-a-la-vente\/\";\n            } else {\n                \/\/ Affiche un message d'erreur\n                errorMessage.style.display = \"block\";\n            }\n        }\n    <\/script><\/p>\n<div class=\"container\">\n<h1>Acc\u00e8s prot\u00e9g\u00e9<\/h1>\n<p>Veuillez entrer le mot de passe pour acc\u00e9der aux biens :<\/p>\n<p>        <input type=\"password\" id=\"password\" placeholder=\"Mot de passe\"><br \/>\n        <button onclick=\"checkPassword()\">Valider<\/button><\/p>\n<p id=\"error-message\">Mot de passe incorrect. Veuillez r\u00e9essayer.<\/p>\n<\/p><\/div>\n<\/div>\n<\/div>\n<\/div>\n<\/div>\n<div id=\"sp-jzxg5g\" data-mobile-visibility=\"#sp-jzxg5g|false\" data-tablet-visibility=\"#sp-jzxg5g|false\" data-desktop-visibility=\"#sp-jzxg5g|false\" data-mobile-css=\"\" data-tablet-css=\"\" class=\"sp-el-row sp-w-full  sp-m-auto sm:sp-flex sp-justify-between\">\n<div id=\"sp-pn2tl6\" data-mobile-visibility=\"#sp-pn2tl6|false\" data-tablet-visibility=\"#sp-pn2tl6|false\" data-desktop-visibility=\"#sp-pn2tl6|false\" data-mobile-css=\"\" data-tablet-css=\"\" class=\"sp-el-col  sp-w-full\" style=\"width: calc(50% + 0px);\">\n<div id=\"sp-button-parent-vq1cst\" data-mobile-css=\"#sp-button-parent-vq1cst|text-align:center;padding:0px 0px 20px 0px ;\" data-tablet-css=\"#sp-button-parent-vq1cst|text-align:center;\" class=\"sp-button-wrapper sp-el-block\" style=\"padding: 20px 0px 0px 100px; margin: 0px; text-align: center;\"><a href=\"mailto:info@florence-properties.fr\" id=\"sp-vq1cst\" data-mobile-css=\"\" data-tablet-css=\"\" data-mobile-visibility=\".sp-button-vq1cst|false\" data-tablet-visibility=\".sp-button-vq1cst|false\" data-desktop-visibility=\".sp-button-vq1cst|false\" target=\"\" rel=\"\" class=\"sp-button sp-css-target sp-text-center sp-inline-block sp-leading-none sp-button-vq1cst\" style=\"line-height: 0.9; font-size: 19px; background: linear-gradient(-180deg, rgb(109, 148, 137), rgb(94, 128, 118) 90%); color: rgb(255, 255, 255); width: auto; padding: 12px 16px; border-radius: 4px; box-shadow: rgba(255, 255, 255, 0.2) 0px 1px 0px inset;\"><span style=\"font-family: 'Playfair Display';\">Demander l&rsquo;acc\u00e8s<\/span><\/a><\/div>\n<\/div>\n<div id=\"sp-zlx1dx\" data-mobile-visibility=\"#sp-zlx1dx|false\" data-tablet-visibility=\"#sp-zlx1dx|false\" data-desktop-visibility=\"#sp-zlx1dx|false\" data-mobile-css=\"\" data-tablet-css=\"\" class=\"sp-el-col  sp-w-full\" style=\"width: calc(50% + 0px);\">\n<div id=\"sp-button-parent-i2zdgw\" data-mobile-css=\"#sp-button-parent-i2zdgw|text-align:center;padding:0px 0px 100px 0px ;\" data-tablet-css=\"#sp-button-parent-i2zdgw|text-align:center;\" class=\"sp-button-wrapper sp-el-block\" style=\"padding: 20px 100px 0px 0px; margin: 0px; text-align: center;\"><a href=\"https:\/\/florence-properties.fr\/\" id=\"sp-i2zdgw\" data-mobile-css=\"\" data-tablet-css=\"\" data-mobile-visibility=\".sp-button-i2zdgw|false\" data-tablet-visibility=\".sp-button-i2zdgw|false\" data-desktop-visibility=\".sp-button-i2zdgw|false\" target=\"\" rel=\"\" class=\"sp-button sp-css-target sp-text-center sp-inline-block sp-leading-none sp-button-i2zdgw\" style=\"line-height: 0.9; font-size: 19px; background: linear-gradient(-180deg, rgb(0, 0, 0), rgb(0, 0, 0) 90%); color: rgb(255, 255, 255); width: auto; padding: 12px 16px; border-radius: 4px; box-shadow: rgba(255, 255, 255, 0.2) 0px 1px 0px inset;\"><span style=\"font-family: 'Playfair Display';\">Retour sur le site<\/span><\/a><\/div>\n<\/div>\n<\/div>\n<\/section>\n<\/div>\n","protected":false},"excerpt":{"rendered":"<p>Page prot\u00e9g\u00e9e Acc\u00e8s prot\u00e9g\u00e9 Veuillez entrer le mot de passe pour acc\u00e9der aux biens : Valider Mot de passe incorrect. Veuillez r\u00e9essayer. Demander l&rsquo;acc\u00e8sRetour sur le site<\/p>","protected":false},"author":1,"featured_media":0,"parent":0,"menu_order":0,"comment_status":"closed","ping_status":"closed","template":"","meta":{"_et_pb_use_builder":"on","_et_pb_old_content":"<div id=\"sp-page\" class=\"spBgcover sp-content-1\" style=\"background-color: rgb(255, 255, 255); font-family: 'Helvetica Neue', Arial, sans-serif; font-weight: 400;\"><section id=\"sp-ks8a8s\" data-mobile-visibility=\"#sp-ks8a8s|false\" data-tablet-visibility=\"#sp-ks8a8s|false\" data-desktop-visibility=\"#sp-ks8a8s|false\" data-mobile-css=\"\" data-tablet-css=\"#sp-ks8a8s|padding:100px 0px 100px 0px ;\" class=\"sp-el-section \" style=\"background-image: linear-gradient(0deg, rgba(39, 39, 39, 0.35), rgba(39, 39, 39, 0.35)), url('https:\/\/florence-properties.fr\/wp-content\/uploads\/2024\/04\/villa-cote-dazur-florence-properties-luxury-real-estate-06-biens-en-vente.jpg'); background-color: rgb(0, 0, 0); width: 100%; max-width: 100%; padding: 280px 0px 200px;\"><div id=\"sp-vw3kvy\" data-mobile-visibility=\"#sp-vw3kvy|false\" data-tablet-visibility=\"#sp-vw3kvy|false\" data-desktop-visibility=\"#sp-vw3kvy|false\" data-mobile-css=\"\" data-tablet-css=\"#sp-vw3kvy|margin:0px 0px 0px 0px ;padding:0px 0px 0px 0px ;\" class=\"sp-el-row sp-w-full  sp-m-auto sp-flex sp-flex-row sp-justify-start\" style=\"padding: 0px; width: 100%; max-width: 100%;\"><div id=\"sp-xb94q9\" data-mobile-visibility=\"#sp-xb94q9|false\" data-tablet-visibility=\"#sp-xb94q9|false\" data-desktop-visibility=\"#sp-xb94q9|false\" data-mobile-css=\"\" data-tablet-css=\"\" class=\"sp-el-col  sp-w-full\" style=\"width: calc(100% + 0px);\"><div id=\"sp-v8mzon\" data-mobile-visibility=\".sp-custom-html-block-v8mzon|false\" data-tablet-visibility=\".sp-custom-html-block-v8mzon|false\" data-desktop-visibility=\".sp-custom-html-block-v8mzon|false\" data-mobile-css=\"#sp-v8mzon|padding:200px 0px 30px 0px ;\" data-tablet-css=\"#sp-v8mzon|padding:0px 150px 0px 150px ;\" class=\"sp-code-wrapper sp-el-block sp-custom-html-block-v8mzon\" style=\"padding: 0px 500px; margin: 0px;\"><div class=\"sp-html\">\n\n\n    <meta charset=\"UTF-8\">\n    <meta name=\"viewport\" content=\"width=device-width, initial-scale=1.0\">\n    <title>Page prot\u00e9g\u00e9e<\/title>\n    <style>\n        body {\n            font-family: Arial, sans-serif;\n            background-color: #f9f9f9;\n            color: #333;\n            display: flex;\n            justify-content: center;\n            align-items: center;\n            height: 100vh;\n            margin: 0;\n            padding: 10px;\n        }\n        .container {\n            text-align: center;\n            background: #fff;\n            padding: 20px;\n            box-shadow: 0 2px 10px rgba(0, 0, 0, 0.1);\n            border-radius: 8px;\n            max-width: 400px;\n            width: 100%;\n        }\n        input[type=\"password\"] {\n            padding: 10px;\n            width: 100%;\n            box-sizing: border-box;\n            border: 1px solid #ccc;\n            border-radius: 4px;\n            margin-bottom: 15px;\n        }\n        button {\n            padding: 10px 20px;\n            background-color: #000;\n            color: #fff;\n            border: none;\n            border-radius: 4px;\n            cursor: pointer;\n            font-family: Arial, sans-serif;\n            width: 100%;\n            box-sizing: border-box;\n        }\n        button:hover {\n            background-color: #333;\n        }\n        #error-message {\n            color: red;\n            display: none;\n            margin-top: 10px;\n        }\n        @media (max-width: 600px) {\n            body {\n                padding: 20px;\n            }\n            .container {\n                padding: 15px;\n            }\n        }\n    <\/style>\n    <script>\n        function checkPassword() {\n            const password = document.getElementById(\"password\").value;\n            const correctPassword = \"florence2025exclu\";\n            const errorMessage = document.getElementById(\"error-message\");\n\n            if (password === correctPassword) {\n                \/\/ Redirige vers l'URL sp\u00e9cifi\u00e9e\n                window.location.href = \"https:\/\/florence-properties.fr\/biens-a-la-vente\/\";\n            } else {\n                \/\/ Affiche un message d'erreur\n                errorMessage.style.display = \"block\";\n            }\n        }\n    <\/script>\n\n\n    <div class=\"container\">\n        <h1>Acc\u00e8s prot\u00e9g\u00e9<\/h1>\n        <p>Veuillez entrer le mot de passe pour acc\u00e9der aux biens :<\/p>\n        <input type=\"password\" id=\"password\" placeholder=\"Mot de passe\">\n        <button onclick=\"checkPassword()\">Valider<\/button>\n        <p id=\"error-message\">Mot de passe incorrect. Veuillez r\u00e9essayer.<\/p>\n    <\/div>\n\n\n<\/div><\/div><div id=\"sp-button-parent-vq1cst\" data-mobile-css=\"#sp-button-parent-vq1cst|text-align:center;padding:0px 0px 180px 0px ;\" data-tablet-css=\"#sp-button-parent-vq1cst|text-align:center;\" class=\"sp-button-wrapper sp-el-block\" style=\"margin: 0px; text-align: center; padding: 20px 0px 0px;\"><a href=\"mailto:info@florence-properties.fr\" id=\"sp-vq1cst\" data-mobile-css=\"\" data-tablet-css=\"\" data-mobile-visibility=\".sp-button-vq1cst|false\" data-tablet-visibility=\".sp-button-vq1cst|false\" data-desktop-visibility=\".sp-button-vq1cst|false\" target=\"\" rel=\"\" class=\"sp-button sp-css-target sp-text-center sp-inline-block sp-leading-none sp-button-vq1cst\" style=\"line-height: 0.9; font-size: 19px; background: linear-gradient(-180deg, rgb(109, 148, 137), rgb(94, 128, 118) 90%); color: rgb(255, 255, 255); width: auto; padding: 12px 16px; border-radius: 4px; box-shadow: rgba(255, 255, 255, 0.2) 0px 1px 0px inset; border: 1px solid rgb(87, 119, 110);\"><span style=\"font-family: 'Playfair Display';\">Demander l'acc\u00e8s<\/span><\/a><\/div><\/div><\/div><\/section><\/div>","_et_gb_content_width":"","footnotes":""},"class_list":["post-453","page","type-page","status-publish","hentry"],"yoast_head":"<!-- This site is optimized with the Yoast SEO plugin v26.8 - https:\/\/yoast.com\/product\/yoast-seo-wordpress\/ -->\n<title>Biens en vente - florence-properties.fr<\/title>\n<meta name=\"robots\" content=\"index, follow, max-snippet:-1, max-image-preview:large, max-video-preview:-1\" \/>\n<link rel=\"canonical\" href=\"https:\/\/florence-properties.fr\/en\/biens-en-vente\/\" \/>\n<meta property=\"og:locale\" content=\"en_GB\" \/>\n<meta property=\"og:type\" content=\"article\" \/>\n<meta property=\"og:title\" content=\"Biens en vente - florence-properties.fr\" \/>\n<meta property=\"og:description\" content=\"Page prot\u00e9g\u00e9e Acc\u00e8s prot\u00e9g\u00e9 Veuillez entrer le mot de passe pour acc\u00e9der aux biens : Valider Mot de passe incorrect. Veuillez r\u00e9essayer. Demander l&#039;acc\u00e8sRetour sur le site\" \/>\n<meta property=\"og:url\" content=\"https:\/\/florence-properties.fr\/en\/biens-en-vente\/\" \/>\n<meta property=\"og:site_name\" content=\"florence-properties.fr\" \/>\n<meta property=\"article:modified_time\" content=\"2025-01-24T18:21:25+00:00\" \/>\n<meta name=\"twitter:card\" content=\"summary_large_image\" \/>\n<script type=\"application\/ld+json\" class=\"yoast-schema-graph\">{\"@context\":\"https:\/\/schema.org\",\"@graph\":[{\"@type\":\"WebPage\",\"@id\":\"https:\/\/florence-properties.fr\/biens-en-vente\/\",\"url\":\"https:\/\/florence-properties.fr\/biens-en-vente\/\",\"name\":\"Biens en vente - florence-properties.fr\",\"isPartOf\":{\"@id\":\"https:\/\/florence-properties.fr\/#website\"},\"datePublished\":\"2025-01-21T10:34:59+00:00\",\"dateModified\":\"2025-01-24T18:21:25+00:00\",\"breadcrumb\":{\"@id\":\"https:\/\/florence-properties.fr\/biens-en-vente\/#breadcrumb\"},\"inLanguage\":\"en-GB\",\"potentialAction\":[{\"@type\":\"ReadAction\",\"target\":[\"https:\/\/florence-properties.fr\/biens-en-vente\/\"]}]},{\"@type\":\"BreadcrumbList\",\"@id\":\"https:\/\/florence-properties.fr\/biens-en-vente\/#breadcrumb\",\"itemListElement\":[{\"@type\":\"ListItem\",\"position\":1,\"name\":\"Accueil\",\"item\":\"https:\/\/florence-properties.fr\/\"},{\"@type\":\"ListItem\",\"position\":2,\"name\":\"Biens en vente\"}]},{\"@type\":\"WebSite\",\"@id\":\"https:\/\/florence-properties.fr\/#website\",\"url\":\"https:\/\/florence-properties.fr\/\",\"name\":\"florence-properties.fr\",\"description\":\"L&#039;immobilier de luxe sur la C\u00f4te d&#039;Azur\",\"potentialAction\":[{\"@type\":\"SearchAction\",\"target\":{\"@type\":\"EntryPoint\",\"urlTemplate\":\"https:\/\/florence-properties.fr\/?s={search_term_string}\"},\"query-input\":{\"@type\":\"PropertyValueSpecification\",\"valueRequired\":true,\"valueName\":\"search_term_string\"}}],\"inLanguage\":\"en-GB\"}]}<\/script>\n<!-- \/ Yoast SEO plugin. -->","yoast_head_json":{"title":"Biens en vente - florence-properties.fr","robots":{"index":"index","follow":"follow","max-snippet":"max-snippet:-1","max-image-preview":"max-image-preview:large","max-video-preview":"max-video-preview:-1"},"canonical":"https:\/\/florence-properties.fr\/en\/biens-en-vente\/","og_locale":"en_GB","og_type":"article","og_title":"Biens en vente - florence-properties.fr","og_description":"Page prot\u00e9g\u00e9e Acc\u00e8s prot\u00e9g\u00e9 Veuillez entrer le mot de passe pour acc\u00e9der aux biens : Valider Mot de passe incorrect. Veuillez r\u00e9essayer. Demander l'acc\u00e8sRetour sur le site","og_url":"https:\/\/florence-properties.fr\/en\/biens-en-vente\/","og_site_name":"florence-properties.fr","article_modified_time":"2025-01-24T18:21:25+00:00","twitter_card":"summary_large_image","schema":{"@context":"https:\/\/schema.org","@graph":[{"@type":"WebPage","@id":"https:\/\/florence-properties.fr\/biens-en-vente\/","url":"https:\/\/florence-properties.fr\/biens-en-vente\/","name":"Biens en vente - florence-properties.fr","isPartOf":{"@id":"https:\/\/florence-properties.fr\/#website"},"datePublished":"2025-01-21T10:34:59+00:00","dateModified":"2025-01-24T18:21:25+00:00","breadcrumb":{"@id":"https:\/\/florence-properties.fr\/biens-en-vente\/#breadcrumb"},"inLanguage":"en-GB","potentialAction":[{"@type":"ReadAction","target":["https:\/\/florence-properties.fr\/biens-en-vente\/"]}]},{"@type":"BreadcrumbList","@id":"https:\/\/florence-properties.fr\/biens-en-vente\/#breadcrumb","itemListElement":[{"@type":"ListItem","position":1,"name":"Accueil","item":"https:\/\/florence-properties.fr\/"},{"@type":"ListItem","position":2,"name":"Biens en vente"}]},{"@type":"WebSite","@id":"https:\/\/florence-properties.fr\/#website","url":"https:\/\/florence-properties.fr\/","name":"florence-properties.fr","description":"L&#039;immobilier de luxe sur la C\u00f4te d&#039;Azur","potentialAction":[{"@type":"SearchAction","target":{"@type":"EntryPoint","urlTemplate":"https:\/\/florence-properties.fr\/?s={search_term_string}"},"query-input":{"@type":"PropertyValueSpecification","valueRequired":true,"valueName":"search_term_string"}}],"inLanguage":"en-GB"}]}},"_links":{"self":[{"href":"https:\/\/florence-properties.fr\/en\/wp-json\/wp\/v2\/pages\/453","targetHints":{"allow":["GET"]}}],"collection":[{"href":"https:\/\/florence-properties.fr\/en\/wp-json\/wp\/v2\/pages"}],"about":[{"href":"https:\/\/florence-properties.fr\/en\/wp-json\/wp\/v2\/types\/page"}],"author":[{"embeddable":true,"href":"https:\/\/florence-properties.fr\/en\/wp-json\/wp\/v2\/users\/1"}],"replies":[{"embeddable":true,"href":"https:\/\/florence-properties.fr\/en\/wp-json\/wp\/v2\/comments?post=453"}],"version-history":[{"count":42,"href":"https:\/\/florence-properties.fr\/en\/wp-json\/wp\/v2\/pages\/453\/revisions"}],"predecessor-version":[{"id":511,"href":"https:\/\/florence-properties.fr\/en\/wp-json\/wp\/v2\/pages\/453\/revisions\/511"}],"wp:attachment":[{"href":"https:\/\/florence-properties.fr\/en\/wp-json\/wp\/v2\/media?parent=453"}],"curies":[{"name":"wp","href":"https:\/\/api.w.org\/{rel}","templated":true}]}}