{"id":69,"date":"2024-04-02T15:37:08","date_gmt":"2024-04-02T13:37:08","guid":{"rendered":"https:\/\/florence-properties.fr\/?page_id=69"},"modified":"2026-01-19T10:35:42","modified_gmt":"2026-01-19T09:35:42","slug":"lagence-immobiliere-mougins-cannes","status":"publish","type":"page","link":"https:\/\/florence-properties.fr\/en\/lagence-immobiliere-mougins-cannes\/","title":{"rendered":"L&rsquo;Agence"},"content":{"rendered":"<p>[et_pb_section fb_built=\u00a0\u00bb1&Prime; admin_label=\u00a0\u00bbHeader\u00a0\u00bb _builder_version=\u00a0\u00bb4.23.1&Prime; _module_preset=\u00a0\u00bbdefault\u00a0\u00bb use_background_color_gradient=\u00a0\u00bbon\u00a0\u00bb background_color_gradient_stops=\u00a0\u00bbrgba(31,35,44,0.13) 0%|#ffffff 100%\u00a0\u00bb background_color_gradient_overlays_image=\u00a0\u00bbon\u00a0\u00bb background_image=\u00a0\u00bbhttp:\/\/florence-properties.fr\/wp-content\/uploads\/2024\/04\/florence-properties-luxury-real-estate-french-riviera-06.jpg\u00a0\u00bb custom_padding=\u00a0\u00bb141px||141px||true|\u00a0\u00bb locked=\u00a0\u00bboff\u00a0\u00bb collapsed=\u00a0\u00bbon\u00a0\u00bb global_colors_info=\u00a0\u00bb{}\u00a0\u00bb][\/et_pb_section][et_pb_section fb_built=\u00a0\u00bb1&Prime; admin_label=\u00a0\u00bbAbout\u00a0\u00bb _builder_version=\u00a0\u00bb4.23.1&Prime; _module_preset=\u00a0\u00bbdefault\u00a0\u00bb background_color=\u00a0\u00bb#FFFFFF\u00a0\u00bb custom_padding=\u00a0\u00bb||85px|||\u00a0\u00bb bottom_divider_style=\u00a0\u00bbarrow3&Prime; bottom_divider_color=\u00a0\u00bbgcid-635604eb-3422-482c-8edf-b0569258ee1f\u00a0\u00bb locked=\u00a0\u00bboff\u00a0\u00bb collapsed=\u00a0\u00bbon\u00a0\u00bb global_colors_info=\u00a0\u00bb{%22gcid-635604eb-3422-482c-8edf-b0569258ee1f%22:%91%22bottom_divider_color%22%93}\u00a0\u00bb][et_pb_row _builder_version=\u00a0\u00bb4.20.0&Prime; _module_preset=\u00a0\u00bbdefault\u00a0\u00bb global_colors_info=\u00a0\u00bb{}\u00a0\u00bb][et_pb_column type=\u00a0\u00bb4_4&Prime; _builder_version=\u00a0\u00bb4.20.0&Prime; _module_preset=\u00a0\u00bbdefault\u00a0\u00bb global_colors_info=\u00a0\u00bb{}\u00a0\u00bb][et_pb_text _builder_version=\u00a0\u00bb4.23.1&Prime; _module_preset=\u00a0\u00bb1d1b1f13-2564-4fed-b99d-ccc0c9893571&Prime; header_font=\u00a0\u00bbPlayfair Display|500||on|||||\u00a0\u00bb header_text_color=\u00a0\u00bbgcid-9fa4a1b6-767d-41ca-984c-a6f10449c843&Prime; header_font_size=\u00a0\u00bb40px\u00a0\u00bb header_letter_spacing=\u00a0\u00bb1px\u00a0\u00bb text_orientation=\u00a0\u00bbcenter\u00a0\u00bb global_colors_info=\u00a0\u00bb{%22gcid-9fa4a1b6-767d-41ca-984c-a6f10449c843%22:%91%22header_text_color%22%93}\u00a0\u00bb]<\/p>\n<h1>L&rsquo;agence<\/h1>\n<p>[\/et_pb_text][\/et_pb_column][\/et_pb_row][et_pb_row column_structure=\u00a0\u00bb1_3,2_3&Prime; _builder_version=\u00a0\u00bb4.23.1&Prime; _module_preset=\u00a0\u00bbdefault\u00a0\u00bb global_colors_info=\u00a0\u00bb{}\u00a0\u00bb][et_pb_column type=\u00a0\u00bb1_3&Prime; _builder_version=\u00a0\u00bb4.23.1&Prime; _module_preset=\u00a0\u00bbdefault\u00a0\u00bb global_colors_info=\u00a0\u00bb{}\u00a0\u00bb][et_pb_image src=\u00a0\u00bbhttps:\/\/florence-properties.fr\/wp-content\/uploads\/2026\/01\/florence-properties-agence-immobiliere-luxe-nice-06-Cannes.png\u00a0\u00bb align_tablet=\u00a0\u00bb\u00a0\u00bb align_phone=\u00a0\u00bbcenter\u00a0\u00bb align_last_edited=\u00a0\u00bbon|phone\u00a0\u00bb _builder_version=\u00a0\u00bb4.27.4&Prime; _module_preset=\u00a0\u00bbdefault\u00a0\u00bb width_tablet=\u00a0\u00bb\u00a0\u00bb width_phone=\u00a0\u00bb60%\u00a0\u00bb width_last_edited=\u00a0\u00bbon|phone\u00a0\u00bb hover_enabled=\u00a0\u00bb0&Prime; box_shadow_style=\u00a0\u00bbpreset1&Prime; global_colors_info=\u00a0\u00bb{}\u00a0\u00bb title_text=\u00a0\u00bbflorence properties agence immobiliere luxe nice 06 Cannes\u00a0\u00bb sticky_enabled=\u00a0\u00bb0&Prime;][\/et_pb_image][et_pb_text _builder_version=\u00a0\u00bb4.23.1&Prime; _module_preset=\u00a0\u00bbdefault\u00a0\u00bb global_colors_info=\u00a0\u00bb{}\u00a0\u00bb]<\/p>\n<div style=\"text-align: center;\"><strong>Florence Risler<\/strong><\/div>\n<div style=\"text-align: center;\">Dipl\u00f4m\u00e9e HEC Montr\u00e9al<\/div>\n<div style=\"text-align: center;\">Marketing\/Management\/Commerce International<\/div>\n<div style=\"text-align: center;\">Dipl\u00f4m\u00e9e UNSA<\/div>\n<div style=\"text-align: center;\">Techniques de Commercialisation<\/div>\n<div style=\"text-align: center;\">Laur\u00e9ate sommet de l&rsquo;excellence Bell Canada<\/div>\n<p>[\/et_pb_text][\/et_pb_column][et_pb_column type=\u00a0\u00bb2_3&Prime; _builder_version=\u00a0\u00bb4.23.1&Prime; _module_preset=\u00a0\u00bbdefault\u00a0\u00bb global_colors_info=\u00a0\u00bb{}\u00a0\u00bb][et_pb_text _builder_version=\u00a0\u00bb4.23.1&Prime; _module_preset=\u00a0\u00bb4bc3fdd3-b26e-4241-9f6a-8e1e1ae9d6c0&Prime; text_text_color=\u00a0\u00bbgcid-9fa4a1b6-767d-41ca-984c-a6f10449c843&Prime; locked=\u00a0\u00bboff\u00a0\u00bb global_colors_info=\u00a0\u00bb{%22gcid-9fa4a1b6-767d-41ca-984c-a6f10449c843%22:%91%22text_text_color%22%93}\u00a0\u00bb]<\/p>\n<div>\n<div>\n<p style=\"text-align: justify;\"><span>Fortement ancr\u00e9e dans le domaine de l&rsquo;immobilier de luxe,\u00a0<span class=\"il\">Florence<\/span>\u00a0Risler a forg\u00e9 son expertise \u00e0 travers un parcours professionnel \u00e9clectique et prestigieux, embrassant diff\u00e9rentes cultures et environnements professionnels.<\/span><\/p>\n<p style=\"text-align: justify;\"><span>Titulaire d&rsquo;un dipl\u00f4me en marketing-management de l&rsquo;\u00e9cole de renom HEC Montr\u00e9al,\u00a0<span class=\"il\">Florence<\/span>\u00a0a d\u00e9but\u00e9 sa carri\u00e8re en tant que\u00a0<i>Directrice des op\u00e9rations et des communications internes<\/i>\u00a0chez\u00a0<b>Bell Canada<\/b>, o\u00f9 elle a acquis une solide exp\u00e9rience en communication et en leadership pendant quatre ans, dans le dynamisme du march\u00e9 nord-am\u00e9ricain.<\/span><\/p>\n<p style=\"text-align: justify;\"><span>Sa soif de nouvelles exp\u00e9riences l&rsquo;a ensuite conduite en Europe, au sein d&rsquo;une grande agence de publicit\u00e9 parisienne\u00a0<b>PPA Paris<\/b>, elle a notamment particip\u00e9 \u00e0 des campagnes pour des marques prestigieuses telles que Chanel, Lancel et Lolita Lempicka, d\u00e9montrant ainsi son aptitude \u00e0 g\u00e9rer des projets de renomm\u00e9e mondiale avec succ\u00e8s.<\/span><\/p>\n<p style=\"text-align: justify;\"><span>Par la suite,\u00a0<span class=\"il\">Florence<\/span>\u00a0a \u00e9largi son champ d&rsquo;action en rejoignant\u00a0<b>DDI France<\/b>\u00a0sp\u00e9cialis\u00e9 en \u00ab\u00a0<i>talent management\u00a0\u00bb<\/i>, en tant que\u00a0<i>chef de projet formation pour la r\u00e9gion EMEA<\/i>, o\u00f9 elle a consolid\u00e9 ses comp\u00e9tences en d\u00e9veloppement professionnel et en gestion des ressources humaines \u00e0 l&rsquo;\u00e9chelle internationale.<\/span><\/p>\n<p style=\"text-align: justify;\"><span>Cependant, son amour pour l&rsquo;immobilier de luxe l&rsquo;a finalement ramen\u00e9e \u00e0 ses passions premi\u00e8res.<\/span><\/p>\n<p style=\"text-align: justify;\"><span>Avec cinq ann\u00e9es d&rsquo;exp\u00e9rience au sein du groupe Coldwell Banker, elle a tout d\u2019abord approfondi ses connaissances du m\u00e9tier en tant qu&rsquo;Office Manager, puis en tant que consultante en immobilier de luxe, mettant \u00e0 profit ses comp\u00e9tences polyvalentes et son r\u00e9seau mondial pour offrir des services sur mesure \u00e0 une client\u00e8le internationale exigeante.<\/span><\/p>\n<p style=\"text-align: justify;\"><span>Aujourd&rsquo;hui,\u00a0<span class=\"il\">Florence<\/span>\u00a0Risler incarne l&rsquo;excellence et la passion dans le domaine de l&rsquo;immobilier de prestige sur la C\u00f4te d&rsquo;Azur. Avec son parcours diversifi\u00e9 et son engagement ind\u00e9fectible envers ses clients, elle est votre partenaire id\u00e9ale pour concr\u00e9tiser vos projets immobiliers les plus ambitieux.<\/span><\/p>\n<p><span style=\"color: #888888;\"><\/span><\/p>\n<\/div>\n<\/div>\n<p style=\"text-align: justify;\">[\/et_pb_text][\/et_pb_column][\/et_pb_row][\/et_pb_section][et_pb_section fb_built=\u00a0\u00bb1&Prime; admin_label=\u00a0\u00bbFooter\u00a0\u00bb _builder_version=\u00a0\u00bb4.23.1&Prime; _module_preset=\u00a0\u00bbdefault\u00a0\u00bb background_color=\u00a0\u00bbgcid-635604eb-3422-482c-8edf-b0569258ee1f\u00a0\u00bb background_enable_image=\u00a0\u00bboff\u00a0\u00bb custom_padding=\u00a0\u00bb||13px|||\u00a0\u00bb saved_tabs=\u00a0\u00bball\u00a0\u00bb collapsed=\u00a0\u00bbon\u00a0\u00bb global_colors_info=\u00a0\u00bb{%22gcid-635604eb-3422-482c-8edf-b0569258ee1f%22:%91%22background_color%22%93}\u00a0\u00bb][et_pb_row column_structure=\u00a0\u00bb1_3,1_3,1_3&Prime; _builder_version=\u00a0\u00bb4.23.1&Prime; _module_preset=\u00a0\u00bbdefault\u00a0\u00bb custom_margin=\u00a0\u00bb8px||||false|false\u00a0\u00bb custom_margin_tablet=\u00a0\u00bb8px||||false|false\u00a0\u00bb custom_margin_phone=\u00a0\u00bb-87px||-55px||false|false\u00a0\u00bb custom_margin_last_edited=\u00a0\u00bbon|phone\u00a0\u00bb custom_padding=\u00a0\u00bb||0px||false|false\u00a0\u00bb global_colors_info=\u00a0\u00bb{}\u00a0\u00bb][et_pb_column type=\u00a0\u00bb1_3&Prime; _builder_version=\u00a0\u00bb4.20.0&Prime; _module_preset=\u00a0\u00bbdefault\u00a0\u00bb global_colors_info=\u00a0\u00bb{}\u00a0\u00bb][\/et_pb_column][et_pb_column type=\u00a0\u00bb1_3&Prime; _builder_version=\u00a0\u00bb4.20.0&Prime; _module_preset=\u00a0\u00bbdefault\u00a0\u00bb global_colors_info=\u00a0\u00bb{}\u00a0\u00bb][et_pb_image src=\u00a0\u00bbhttp:\/\/florence-properties.fr\/wp-content\/uploads\/2024\/04\/florence-risler-properties-luxury-real-estate-french-riviera.png\u00a0\u00bb url=\u00a0\u00bbhttps:\/\/florence-properties.fr\/\u00a0\u00bb align=\u00a0\u00bbcenter\u00a0\u00bb _builder_version=\u00a0\u00bb4.23.1&Prime; _module_preset=\u00a0\u00bbdefault\u00a0\u00bb width=\u00a0\u00bb75%\u00a0\u00bb width_tablet=\u00a0\u00bb75%\u00a0\u00bb width_phone=\u00a0\u00bb40%\u00a0\u00bb width_last_edited=\u00a0\u00bbon|phone\u00a0\u00bb custom_margin=\u00a0\u00bb-64px||||false|false\u00a0\u00bb custom_margin_tablet=\u00a0\u00bb-64px||||false|false\u00a0\u00bb custom_margin_phone=\u00a0\u00bb0px||||false|false\u00a0\u00bb custom_margin_last_edited=\u00a0\u00bbon|phone\u00a0\u00bb custom_padding=\u00a0\u00bb0px||||false|false\u00a0\u00bb global_colors_info=\u00a0\u00bb{}\u00a0\u00bb][\/et_pb_image][et_pb_text _builder_version=\u00a0\u00bb4.23.1&Prime; _module_preset=\u00a0\u00bbae358a3d-aa08-48a8-8354-b528df5d18b4&Prime; text_text_color=\u00a0\u00bb#FFFFFF\u00a0\u00bb link_text_color=\u00a0\u00bb#FFFFFF\u00a0\u00bb text_orientation=\u00a0\u00bbcenter\u00a0\u00bb custom_margin=\u00a0\u00bb||10px||false|false\u00a0\u00bb link_option_url=\u00a0\u00bbtel:+33613732264&Prime; locked=\u00a0\u00bboff\u00a0\u00bb global_colors_info=\u00a0\u00bb{}\u00a0\u00bb]<\/p>\n<p><a href=\"tel:+33613732264\"><span>+33 6 13 73 22 64<\/span><\/a><\/p>\n<p>[\/et_pb_text][et_pb_text _builder_version=\u00a0\u00bb4.23.1&Prime; _module_preset=\u00a0\u00bbae358a3d-aa08-48a8-8354-b528df5d18b4&Prime; text_text_color=\u00a0\u00bb#FFFFFF\u00a0\u00bb link_text_color=\u00a0\u00bb#FFFFFF\u00a0\u00bb text_orientation=\u00a0\u00bbcenter\u00a0\u00bb custom_margin=\u00a0\u00bb||10px||false|false\u00a0\u00bb locked=\u00a0\u00bboff\u00a0\u00bb global_colors_info=\u00a0\u00bb{}\u00a0\u00bb]<\/p>\n<p><a href=\"mailto:info@florence-properties.fr\">info@florence-properties.fr<\/a><\/p>\n<p>[\/et_pb_text][et_pb_text _builder_version=\u00a0\u00bb4.23.1&Prime; _module_preset=\u00a0\u00bbae358a3d-aa08-48a8-8354-b528df5d18b4&Prime; text_text_color=\u00a0\u00bb#FFFFFF\u00a0\u00bb link_text_color=\u00a0\u00bb#FFFFFF\u00a0\u00bb text_orientation=\u00a0\u00bbcenter\u00a0\u00bb custom_margin=\u00a0\u00bb||10px||false|false\u00a0\u00bb locked=\u00a0\u00bboff\u00a0\u00bb global_colors_info=\u00a0\u00bb{}\u00a0\u00bb]<\/p>\n<p>Mougins &#8211; Cote d&rsquo;Azur<\/p>\n<p>[\/et_pb_text][\/et_pb_column][et_pb_column type=\u00a0\u00bb1_3&Prime; _builder_version=\u00a0\u00bb4.20.0&Prime; _module_preset=\u00a0\u00bbdefault\u00a0\u00bb global_colors_info=\u00a0\u00bb{}\u00a0\u00bb][\/et_pb_column][\/et_pb_row][et_pb_row _builder_version=\u00a0\u00bb4.23.1&Prime; _module_preset=\u00a0\u00bbdefault\u00a0\u00bb custom_padding=\u00a0\u00bb0px||0px||true|\u00a0\u00bb global_colors_info=\u00a0\u00bb{}\u00a0\u00bb][et_pb_column type=\u00a0\u00bb4_4&Prime; _builder_version=\u00a0\u00bb4.23.1&Prime; _module_preset=\u00a0\u00bbdefault\u00a0\u00bb custom_padding_tablet=\u00a0\u00bb\u00a0\u00bb custom_padding_phone=\u00a0\u00bb0px||0px||false|false\u00a0\u00bb custom_padding_last_edited=\u00a0\u00bbon|phone\u00a0\u00bb global_colors_info=\u00a0\u00bb{}\u00a0\u00bb][et_pb_divider color=\u00a0\u00bb#FFFFFF\u00a0\u00bb _builder_version=\u00a0\u00bb4.20.0&Prime; _module_preset=\u00a0\u00bbdefault\u00a0\u00bb custom_margin=\u00a0\u00bb||0px||false|false\u00a0\u00bb global_colors_info=\u00a0\u00bb{}\u00a0\u00bb][\/et_pb_divider][\/et_pb_column][\/et_pb_row][et_pb_row _builder_version=\u00a0\u00bb4.23.1&Prime; _module_preset=\u00a0\u00bbdefault\u00a0\u00bb custom_margin=\u00a0\u00bb||-27px||false|false\u00a0\u00bb global_colors_info=\u00a0\u00bb{}\u00a0\u00bb][et_pb_column type=\u00a0\u00bb4_4&Prime; _builder_version=\u00a0\u00bb4.23.1&Prime; _module_preset=\u00a0\u00bbdefault\u00a0\u00bb global_colors_info=\u00a0\u00bb{}\u00a0\u00bb][et_pb_text _builder_version=\u00a0\u00bb4.23.1&Prime; _module_preset=\u00a0\u00bbdefault\u00a0\u00bb text_text_color=\u00a0\u00bb#FFFFFF\u00a0\u00bb text_font_size=\u00a0\u00bb12px\u00a0\u00bb link_text_color=\u00a0\u00bb#000000&Prime; custom_margin=\u00a0\u00bb-30px||-66px||false|false\u00a0\u00bb global_colors_info=\u00a0\u00bb{}\u00a0\u00bb text_text_color__hover_enabled=\u00a0\u00bbon|desktop\u00a0\u00bb text_text_color__hover=\u00a0\u00bb#FFFFFF\u00a0\u00bb]<\/p>\n<p style=\"text-align: center;\">\u00a92024 Florence Properties &#8211; <a href=\"https:\/\/florence-properties.fr\/mentions-legales\/\">Mentions l\u00e9gales<\/a> | Conception par <a href=\"http:\/\/www.casanova-digital.fr\">Casanova Digital<\/a><\/p>\n<p>[\/et_pb_text][\/et_pb_column][\/et_pb_row][\/et_pb_section]<\/p>\n","protected":false},"excerpt":{"rendered":"<p>L&rsquo;agenceFlorence Risler Dipl\u00f4m\u00e9e HEC Montr\u00e9al Marketing\/Management\/Commerce International Dipl\u00f4m\u00e9e UNSA Techniques de Commercialisation Laur\u00e9ate sommet de l&rsquo;excellence Bell Canada Fortement ancr\u00e9e dans le domaine de l&rsquo;immobilier de luxe,\u00a0Florence\u00a0Risler a forg\u00e9 son expertise \u00e0 travers un parcours professionnel \u00e9clectique et prestigieux, embrassant diff\u00e9rentes cultures et environnements professionnels. Titulaire d&rsquo;un dipl\u00f4me en marketing-management de l&rsquo;\u00e9cole de renom HEC [&hellip;]<\/p>\n","protected":false},"author":1,"featured_media":0,"parent":0,"menu_order":0,"comment_status":"closed","ping_status":"closed","template":"","meta":{"_et_pb_use_builder":"on","_et_pb_old_content":"","_et_gb_content_width":"","footnotes":""},"class_list":["post-69","page","type-page","status-publish","hentry"],"yoast_head":"<!-- This site is optimized with the Yoast SEO plugin v26.8 - https:\/\/yoast.com\/product\/yoast-seo-wordpress\/ -->\n<title>L&#039;Agence - Florence Properties - Mougins<\/title>\n<meta name=\"description\" content=\"D\u00e9couvrez votre agence immobili\u00e8re bas\u00e9e \u00e0 Mougins sur la C\u00f4te d&#039;Azur, Florence properties qui vous propose des biens exceptionnels,off market\" \/>\n<meta name=\"robots\" content=\"index, follow, max-snippet:-1, max-image-preview:large, max-video-preview:-1\" \/>\n<link rel=\"canonical\" href=\"https:\/\/florence-properties.fr\/en\/lagence-immobiliere-mougins-cannes\/\" \/>\n<meta property=\"og:locale\" content=\"en_GB\" \/>\n<meta property=\"og:type\" content=\"article\" \/>\n<meta property=\"og:title\" content=\"L&#039;Agence - Florence Properties - Mougins\" \/>\n<meta property=\"og:description\" content=\"D\u00e9couvrez votre agence immobili\u00e8re bas\u00e9e \u00e0 Mougins sur la C\u00f4te d&#039;Azur, Florence properties qui vous propose des biens exceptionnels,off market\" \/>\n<meta property=\"og:url\" content=\"https:\/\/florence-properties.fr\/en\/lagence-immobiliere-mougins-cannes\/\" \/>\n<meta property=\"og:site_name\" content=\"florence-properties.fr\" \/>\n<meta property=\"article:modified_time\" content=\"2026-01-19T09:35:42+00:00\" \/>\n<meta name=\"twitter:card\" content=\"summary_large_image\" \/>\n<meta name=\"twitter:label1\" content=\"Estimated reading time\" \/>\n\t<meta name=\"twitter:data1\" content=\"3 minutes\" \/>\n<script type=\"application\/ld+json\" class=\"yoast-schema-graph\">{\"@context\":\"https:\/\/schema.org\",\"@graph\":[{\"@type\":\"WebPage\",\"@id\":\"https:\/\/florence-properties.fr\/lagence-immobiliere-mougins-cannes\/\",\"url\":\"https:\/\/florence-properties.fr\/lagence-immobiliere-mougins-cannes\/\",\"name\":\"L'Agence - Florence Properties - Mougins\",\"isPartOf\":{\"@id\":\"https:\/\/florence-properties.fr\/#website\"},\"datePublished\":\"2024-04-02T13:37:08+00:00\",\"dateModified\":\"2026-01-19T09:35:42+00:00\",\"description\":\"D\u00e9couvrez votre agence immobili\u00e8re bas\u00e9e \u00e0 Mougins sur la C\u00f4te d'Azur, Florence properties qui vous propose des biens exceptionnels,off market\",\"breadcrumb\":{\"@id\":\"https:\/\/florence-properties.fr\/lagence-immobiliere-mougins-cannes\/#breadcrumb\"},\"inLanguage\":\"en-GB\",\"potentialAction\":[{\"@type\":\"ReadAction\",\"target\":[\"https:\/\/florence-properties.fr\/lagence-immobiliere-mougins-cannes\/\"]}]},{\"@type\":\"BreadcrumbList\",\"@id\":\"https:\/\/florence-properties.fr\/lagence-immobiliere-mougins-cannes\/#breadcrumb\",\"itemListElement\":[{\"@type\":\"ListItem\",\"position\":1,\"name\":\"Accueil\",\"item\":\"https:\/\/florence-properties.fr\/\"},{\"@type\":\"ListItem\",\"position\":2,\"name\":\"L&rsquo;Agence\"}]},{\"@type\":\"WebSite\",\"@id\":\"https:\/\/florence-properties.fr\/#website\",\"url\":\"https:\/\/florence-properties.fr\/\",\"name\":\"florence-properties.fr\",\"description\":\"L&#039;immobilier de luxe sur la C\u00f4te d&#039;Azur\",\"potentialAction\":[{\"@type\":\"SearchAction\",\"target\":{\"@type\":\"EntryPoint\",\"urlTemplate\":\"https:\/\/florence-properties.fr\/?s={search_term_string}\"},\"query-input\":{\"@type\":\"PropertyValueSpecification\",\"valueRequired\":true,\"valueName\":\"search_term_string\"}}],\"inLanguage\":\"en-GB\"}]}<\/script>\n<!-- \/ Yoast SEO plugin. -->","yoast_head_json":{"title":"L'Agence - Florence Properties - Mougins","description":"D\u00e9couvrez votre agence immobili\u00e8re bas\u00e9e \u00e0 Mougins sur la C\u00f4te d'Azur, Florence properties qui vous propose des biens exceptionnels,off market","robots":{"index":"index","follow":"follow","max-snippet":"max-snippet:-1","max-image-preview":"max-image-preview:large","max-video-preview":"max-video-preview:-1"},"canonical":"https:\/\/florence-properties.fr\/en\/lagence-immobiliere-mougins-cannes\/","og_locale":"en_GB","og_type":"article","og_title":"L'Agence - Florence Properties - Mougins","og_description":"D\u00e9couvrez votre agence immobili\u00e8re bas\u00e9e \u00e0 Mougins sur la C\u00f4te d'Azur, Florence properties qui vous propose des biens exceptionnels,off market","og_url":"https:\/\/florence-properties.fr\/en\/lagence-immobiliere-mougins-cannes\/","og_site_name":"florence-properties.fr","article_modified_time":"2026-01-19T09:35:42+00:00","twitter_card":"summary_large_image","twitter_misc":{"Estimated reading time":"3 minutes"},"schema":{"@context":"https:\/\/schema.org","@graph":[{"@type":"WebPage","@id":"https:\/\/florence-properties.fr\/lagence-immobiliere-mougins-cannes\/","url":"https:\/\/florence-properties.fr\/lagence-immobiliere-mougins-cannes\/","name":"L'Agence - Florence Properties - Mougins","isPartOf":{"@id":"https:\/\/florence-properties.fr\/#website"},"datePublished":"2024-04-02T13:37:08+00:00","dateModified":"2026-01-19T09:35:42+00:00","description":"D\u00e9couvrez votre agence immobili\u00e8re bas\u00e9e \u00e0 Mougins sur la C\u00f4te d'Azur, Florence properties qui vous propose des biens exceptionnels,off market","breadcrumb":{"@id":"https:\/\/florence-properties.fr\/lagence-immobiliere-mougins-cannes\/#breadcrumb"},"inLanguage":"en-GB","potentialAction":[{"@type":"ReadAction","target":["https:\/\/florence-properties.fr\/lagence-immobiliere-mougins-cannes\/"]}]},{"@type":"BreadcrumbList","@id":"https:\/\/florence-properties.fr\/lagence-immobiliere-mougins-cannes\/#breadcrumb","itemListElement":[{"@type":"ListItem","position":1,"name":"Accueil","item":"https:\/\/florence-properties.fr\/"},{"@type":"ListItem","position":2,"name":"L&rsquo;Agence"}]},{"@type":"WebSite","@id":"https:\/\/florence-properties.fr\/#website","url":"https:\/\/florence-properties.fr\/","name":"florence-properties.fr","description":"L&#039;immobilier de luxe sur la C\u00f4te d&#039;Azur","potentialAction":[{"@type":"SearchAction","target":{"@type":"EntryPoint","urlTemplate":"https:\/\/florence-properties.fr\/?s={search_term_string}"},"query-input":{"@type":"PropertyValueSpecification","valueRequired":true,"valueName":"search_term_string"}}],"inLanguage":"en-GB"}]}},"_links":{"self":[{"href":"https:\/\/florence-properties.fr\/en\/wp-json\/wp\/v2\/pages\/69","targetHints":{"allow":["GET"]}}],"collection":[{"href":"https:\/\/florence-properties.fr\/en\/wp-json\/wp\/v2\/pages"}],"about":[{"href":"https:\/\/florence-properties.fr\/en\/wp-json\/wp\/v2\/types\/page"}],"author":[{"embeddable":true,"href":"https:\/\/florence-properties.fr\/en\/wp-json\/wp\/v2\/users\/1"}],"replies":[{"embeddable":true,"href":"https:\/\/florence-properties.fr\/en\/wp-json\/wp\/v2\/comments?post=69"}],"version-history":[{"count":34,"href":"https:\/\/florence-properties.fr\/en\/wp-json\/wp\/v2\/pages\/69\/revisions"}],"predecessor-version":[{"id":526,"href":"https:\/\/florence-properties.fr\/en\/wp-json\/wp\/v2\/pages\/69\/revisions\/526"}],"wp:attachment":[{"href":"https:\/\/florence-properties.fr\/en\/wp-json\/wp\/v2\/media?parent=69"}],"curies":[{"name":"wp","href":"https:\/\/api.w.org\/{rel}","templated":true}]}}